{"id":3,"date":"2025-06-19T15:41:03","date_gmt":"2025-06-19T13:41:03","guid":{"rendered":"http:\/\/alveacomplus.fr\/?page_id=3"},"modified":"2026-02-19T16:05:59","modified_gmt":"2026-02-19T15:05:59","slug":"politique-de-confidentialite","status":"publish","type":"page","link":"https:\/\/alveacomplus.fr\/index.php\/politique-de-confidentialite\/","title":{"rendered":"Politique de confidentialit\u00e9"},"content":{"rendered":"\n<h2 class=\"wp-block-heading\">1. Collecte des donn\u00e9es<\/h2>\n\n\n\n<p>Les donn\u00e9es personnelles collect\u00e9es via le formulaire de contact (nom, pr\u00e9nom, entreprise, t\u00e9l\u00e9phone, email, message) sont utilis\u00e9es exclusivement pour r\u00e9pondre aux demandes.<\/p>\n\n\n\n<h2 class=\"wp-block-heading\">2. Finalit\u00e9 du traitement <\/h2>\n\n\n\n<p>Les donn\u00e9es sont collect\u00e9es afin de :<\/p>\n\n\n\n<ul class=\"wp-block-list\">\n<li>R\u00e9pondre aux demandes de contact,<\/li>\n\n\n\n<li>Echanger dans un cadre professionnel<\/li>\n\n\n\n<li>Assurer le suivi des \u00e9changes<\/li>\n<\/ul>\n\n\n\n<h2 class=\"wp-block-heading\">3. Dur\u00e9e de conservation<br><\/h2>\n\n\n\n<p>Les donn\u00e9es sont conserv\u00e9es pendant une dur\u00e9e maximale de 3 ans \u00e0 compter du dernier contact, sauf obligation l\u00e9gale contraire<\/p>\n\n\n\n<h2 class=\"wp-block-heading\">4. Outils de mesure d\u2019audience<\/h2>\n\n\n\n<p>Le site utilise Google Analytics afin de mesurer l\u2019audience et am\u00e9liorer l\u2019exp\u00e9rience utilisateur.<br>Ces donn\u00e9es sont collect\u00e9es de mani\u00e8re anonyme \u00e0 des fins statistiques.<\/p>\n\n\n\n<h2 class=\"wp-block-heading\">5. Contenu embarqu\u00e9 depuis d\u2019autres sites<\/h2>\n\n\n\n<p>Les articles de ce site peuvent inclure des contenus int\u00e9gr\u00e9s (par exemple des vid\u00e9os, images, articles\u2026). Le contenu int\u00e9gr\u00e9 depuis d\u2019autres sites se comporte de la m\u00eame mani\u00e8re que si le visiteur se rendait sur cet autre site.<\/p>\n\n\n\n<p>Ces sites web pourraient collecter des donn\u00e9es sur vous, utiliser des cookies, embarquer des outils de suivis tiers, suivre vos interactions avec ces contenus embarqu\u00e9s si vous disposez d\u2019un compte connect\u00e9 sur leur site web.<\/p>\n\n\n\n<h2 class=\"wp-block-heading\">6. Droits des utilisateurs<br><\/h2>\n\n\n\n<p>Conform\u00e9ment au R\u00e8glement G\u00e9n\u00e9ral sur la Protection des Donn\u00e9es (RGPD), vous disposez des droits suivants :<\/p>\n\n\n\n<ul class=\"wp-block-list\">\n<li>Droit d\u2019acc\u00e8s<\/li>\n\n\n\n<li>Droit de rectification<\/li>\n\n\n\n<li>Droit d\u2019opposition<\/li>\n\n\n\n<li>Droit \u00e0 l\u2019effacement<\/li>\n\n\n\n<li>Droit \u00e0 la limitation du traitement<\/li>\n<\/ul>\n\n\n\n<p>Pour exercer ces droits, vous pouvez adresser votre demande \u00e0 : <a href=\"adeline.laumonier@alveacomplus.fr\">adeline.laumonier@alveacomplus.fr <\/a><\/p>\n\n\n\n<h2 class=\"wp-block-heading\">7. S\u00e9curit\u00e9<\/h2>\n\n\n\n<p>ALv\u00e9a Com+ met en \u0153uvre les mesures techniques et organisationnelles appropri\u00e9es pour prot\u00e9ger les donn\u00e9es personnelles.<\/p>\n\n\n<nav class=\"is-responsive items-justified-center alignwide wp-block-navigation is-content-justification-center is-layout-flex wp-container-core-navigation-is-layout-16018d1d wp-block-navigation-is-layout-flex\" aria-label=\"Pied de page\" \n\t\t data-wp-interactive=\"core\/navigation\" data-wp-context='{\"overlayOpenedBy\":{\"click\":false,\"hover\":false,\"focus\":false},\"type\":\"overlay\",\"roleAttribute\":\"\",\"ariaLabel\":\"Menu\"}'><button aria-haspopup=\"dialog\" aria-label=\"Ouvrir le menu\" class=\"wp-block-navigation__responsive-container-open\" \n\t\t\t\tdata-wp-on--click=\"actions.openMenuOnClick\"\n\t\t\t\tdata-wp-on--keydown=\"actions.handleMenuKeydown\"\n\t\t\t><svg width=\"24\" height=\"24\" xmlns=\"http:\/\/www.w3.org\/2000\/svg\" viewBox=\"0 0 24 24\" aria-hidden=\"true\" focusable=\"false\"><path d=\"M4 7.5h16v1.5H4z\"><\/path><path d=\"M4 15h16v1.5H4z\"><\/path><\/svg><\/button>\n\t\t\t\t<div class=\"wp-block-navigation__responsive-container\"  id=\"modal-1\" \n\t\t\t\tdata-wp-class--has-modal-open=\"state.isMenuOpen\"\n\t\t\t\tdata-wp-class--is-menu-open=\"state.isMenuOpen\"\n\t\t\t\tdata-wp-watch=\"callbacks.initMenu\"\n\t\t\t\tdata-wp-on--keydown=\"actions.handleMenuKeydown\"\n\t\t\t\tdata-wp-on--focusout=\"actions.handleMenuFocusout\"\n\t\t\t\ttabindex=\"-1\"\n\t\t\t>\n\t\t\t\t\t<div class=\"wp-block-navigation__responsive-close\" tabindex=\"-1\">\n\t\t\t\t\t\t<div class=\"wp-block-navigation__responsive-dialog\" \n\t\t\t\tdata-wp-bind--aria-modal=\"state.ariaModal\"\n\t\t\t\tdata-wp-bind--aria-label=\"state.ariaLabel\"\n\t\t\t\tdata-wp-bind--role=\"state.roleAttribute\"\n\t\t\t>\n\t\t\t\t\t\t\t<button aria-label=\"Fermer le menu\" class=\"wp-block-navigation__responsive-container-close\" \n\t\t\t\tdata-wp-on--click=\"actions.closeMenuOnClick\"\n\t\t\t><svg xmlns=\"http:\/\/www.w3.org\/2000\/svg\" viewBox=\"0 0 24 24\" width=\"24\" height=\"24\" aria-hidden=\"true\" focusable=\"false\"><path d=\"m13.06 12 6.47-6.47-1.06-1.06L12 10.94 5.53 4.47 4.47 5.53 10.94 12l-6.47 6.47 1.06 1.06L12 13.06l6.47 6.47 1.06-1.06L13.06 12Z\"><\/path><\/svg><\/button>\n\t\t\t\t\t\t\t<div class=\"wp-block-navigation__responsive-container-content\" \n\t\t\t\tdata-wp-watch=\"callbacks.focusFirstElement\"\n\t\t\t id=\"modal-1-content\">\n\t\t\t\t\t\t\t\t<ul class=\"wp-block-navigation__container is-responsive items-justified-center alignwide wp-block-navigation\"><li class=\" wp-block-navigation-item wp-block-navigation-link\"><a class=\"wp-block-navigation-item__content\"  href=\"https:\/\/alveacomplus.fr\/index.php\/mentions-legales\/\"><span class=\"wp-block-navigation-item__label\">Mentions l\u00e9gales<\/span><\/a><\/li><li class=\" wp-block-navigation-item wp-block-navigation-link\"><a class=\"wp-block-navigation-item__content\"  href=\"https:\/\/alveacomplus.fr\/index.php\/politique-de-confidentialite\/\"><span class=\"wp-block-navigation-item__label\">Politique de confidentialit\u00e9<\/span><\/a><\/li><\/ul>\n\t\t\t\t\t\t\t<\/div>\n\t\t\t\t\t\t<\/div>\n\t\t\t\t\t<\/div>\n\t\t\t\t<\/div><\/nav>","protected":false},"excerpt":{"rendered":"<p>1. Collecte des donn\u00e9es Les donn\u00e9es personnelles collect\u00e9es via le formulaire de contact (nom, pr\u00e9nom, entreprise, t\u00e9l\u00e9phone, email, message) sont utilis\u00e9es exclusivement pour r\u00e9pondre aux demandes. 2. Finalit\u00e9 du traitement Les donn\u00e9es sont collect\u00e9es afin de : 3. Dur\u00e9e de conservation Les donn\u00e9es sont conserv\u00e9es pendant une dur\u00e9e maximale de 3 ans \u00e0 compter du&#8230;<\/p>\n","protected":false},"author":1,"featured_media":0,"parent":0,"menu_order":0,"comment_status":"closed","ping_status":"open","template":"","meta":{"_kadence_starter_templates_imported_post":false,"_kad_post_transparent":"","_kad_post_title":"","_kad_post_layout":"","_kad_post_sidebar_id":"","_kad_post_content_style":"","_kad_post_vertical_padding":"","_kad_post_feature":"","_kad_post_feature_position":"","_kad_post_header":false,"_kad_post_footer":false,"_kad_post_classname":"","footnotes":""},"class_list":["post-3","page","type-page","status-publish","hentry"],"yoast_head":"<!-- This site is optimized with the Yoast SEO plugin v27.3 - https:\/\/yoast.com\/product\/yoast-seo-wordpress\/ -->\n<title>Politique de confidentialit\u00e9 -<\/title>\n<meta name=\"robots\" content=\"index, follow, max-snippet:-1, max-image-preview:large, max-video-preview:-1\" \/>\n<link rel=\"canonical\" href=\"https:\/\/alveacomplus.fr\/index.php\/politique-de-confidentialite\/\" \/>\n<meta property=\"og:locale\" content=\"fr_FR\" \/>\n<meta property=\"og:type\" content=\"article\" \/>\n<meta property=\"og:title\" content=\"Politique de confidentialit\u00e9 -\" \/>\n<meta property=\"og:description\" content=\"1. Collecte des donn\u00e9es Les donn\u00e9es personnelles collect\u00e9es via le formulaire de contact (nom, pr\u00e9nom, entreprise, t\u00e9l\u00e9phone, email, message) sont utilis\u00e9es exclusivement pour r\u00e9pondre aux demandes. 2. Finalit\u00e9 du traitement Les donn\u00e9es sont collect\u00e9es afin de : 3. Dur\u00e9e de conservation Les donn\u00e9es sont conserv\u00e9es pendant une dur\u00e9e maximale de 3 ans \u00e0 compter du...\" \/>\n<meta property=\"og:url\" content=\"https:\/\/alveacomplus.fr\/index.php\/politique-de-confidentialite\/\" \/>\n<meta property=\"article:modified_time\" content=\"2026-02-19T15:05:59+00:00\" \/>\n<meta name=\"twitter:card\" content=\"summary_large_image\" \/>\n<meta name=\"twitter:label1\" content=\"Dur\u00e9e de lecture estim\u00e9e\" \/>\n\t<meta name=\"twitter:data1\" content=\"2 minutes\" \/>\n<script type=\"application\/ld+json\" class=\"yoast-schema-graph\">{\"@context\":\"https:\\\/\\\/schema.org\",\"@graph\":[{\"@type\":\"WebPage\",\"@id\":\"https:\\\/\\\/alveacomplus.fr\\\/index.php\\\/politique-de-confidentialite\\\/\",\"url\":\"https:\\\/\\\/alveacomplus.fr\\\/index.php\\\/politique-de-confidentialite\\\/\",\"name\":\"Politique de confidentialit\u00e9 -\",\"isPartOf\":{\"@id\":\"https:\\\/\\\/alveacomplus.fr\\\/#website\"},\"datePublished\":\"2025-06-19T13:41:03+00:00\",\"dateModified\":\"2026-02-19T15:05:59+00:00\",\"breadcrumb\":{\"@id\":\"https:\\\/\\\/alveacomplus.fr\\\/index.php\\\/politique-de-confidentialite\\\/#breadcrumb\"},\"inLanguage\":\"fr-FR\",\"potentialAction\":[{\"@type\":\"ReadAction\",\"target\":[\"https:\\\/\\\/alveacomplus.fr\\\/index.php\\\/politique-de-confidentialite\\\/\"]}]},{\"@type\":\"BreadcrumbList\",\"@id\":\"https:\\\/\\\/alveacomplus.fr\\\/index.php\\\/politique-de-confidentialite\\\/#breadcrumb\",\"itemListElement\":[{\"@type\":\"ListItem\",\"position\":1,\"name\":\"Accueil\",\"item\":\"https:\\\/\\\/alveacomplus.fr\\\/\"},{\"@type\":\"ListItem\",\"position\":2,\"name\":\"Politique de confidentialit\u00e9\"}]},{\"@type\":\"WebSite\",\"@id\":\"https:\\\/\\\/alveacomplus.fr\\\/#website\",\"url\":\"https:\\\/\\\/alveacomplus.fr\\\/\",\"name\":\"\",\"description\":\"Le + strat\u00e9gique et op\u00e9rationnel externalis\u00e9 pour vos projets cl\u00e9s en communication\",\"potentialAction\":[{\"@type\":\"SearchAction\",\"target\":{\"@type\":\"EntryPoint\",\"urlTemplate\":\"https:\\\/\\\/alveacomplus.fr\\\/?s={search_term_string}\"},\"query-input\":{\"@type\":\"PropertyValueSpecification\",\"valueRequired\":true,\"valueName\":\"search_term_string\"}}],\"inLanguage\":\"fr-FR\"}]}<\/script>\n<!-- \/ Yoast SEO plugin. -->","yoast_head_json":{"title":"Politique de confidentialit\u00e9 -","robots":{"index":"index","follow":"follow","max-snippet":"max-snippet:-1","max-image-preview":"max-image-preview:large","max-video-preview":"max-video-preview:-1"},"canonical":"https:\/\/alveacomplus.fr\/index.php\/politique-de-confidentialite\/","og_locale":"fr_FR","og_type":"article","og_title":"Politique de confidentialit\u00e9 -","og_description":"1. Collecte des donn\u00e9es Les donn\u00e9es personnelles collect\u00e9es via le formulaire de contact (nom, pr\u00e9nom, entreprise, t\u00e9l\u00e9phone, email, message) sont utilis\u00e9es exclusivement pour r\u00e9pondre aux demandes. 2. Finalit\u00e9 du traitement Les donn\u00e9es sont collect\u00e9es afin de : 3. Dur\u00e9e de conservation Les donn\u00e9es sont conserv\u00e9es pendant une dur\u00e9e maximale de 3 ans \u00e0 compter du...","og_url":"https:\/\/alveacomplus.fr\/index.php\/politique-de-confidentialite\/","article_modified_time":"2026-02-19T15:05:59+00:00","twitter_card":"summary_large_image","twitter_misc":{"Dur\u00e9e de lecture estim\u00e9e":"2 minutes"},"schema":{"@context":"https:\/\/schema.org","@graph":[{"@type":"WebPage","@id":"https:\/\/alveacomplus.fr\/index.php\/politique-de-confidentialite\/","url":"https:\/\/alveacomplus.fr\/index.php\/politique-de-confidentialite\/","name":"Politique de confidentialit\u00e9 -","isPartOf":{"@id":"https:\/\/alveacomplus.fr\/#website"},"datePublished":"2025-06-19T13:41:03+00:00","dateModified":"2026-02-19T15:05:59+00:00","breadcrumb":{"@id":"https:\/\/alveacomplus.fr\/index.php\/politique-de-confidentialite\/#breadcrumb"},"inLanguage":"fr-FR","potentialAction":[{"@type":"ReadAction","target":["https:\/\/alveacomplus.fr\/index.php\/politique-de-confidentialite\/"]}]},{"@type":"BreadcrumbList","@id":"https:\/\/alveacomplus.fr\/index.php\/politique-de-confidentialite\/#breadcrumb","itemListElement":[{"@type":"ListItem","position":1,"name":"Accueil","item":"https:\/\/alveacomplus.fr\/"},{"@type":"ListItem","position":2,"name":"Politique de confidentialit\u00e9"}]},{"@type":"WebSite","@id":"https:\/\/alveacomplus.fr\/#website","url":"https:\/\/alveacomplus.fr\/","name":"","description":"Le + strat\u00e9gique et op\u00e9rationnel externalis\u00e9 pour vos projets cl\u00e9s en communication","potentialAction":[{"@type":"SearchAction","target":{"@type":"EntryPoint","urlTemplate":"https:\/\/alveacomplus.fr\/?s={search_term_string}"},"query-input":{"@type":"PropertyValueSpecification","valueRequired":true,"valueName":"search_term_string"}}],"inLanguage":"fr-FR"}]}},"_links":{"self":[{"href":"https:\/\/alveacomplus.fr\/index.php\/wp-json\/wp\/v2\/pages\/3","targetHints":{"allow":["GET"]}}],"collection":[{"href":"https:\/\/alveacomplus.fr\/index.php\/wp-json\/wp\/v2\/pages"}],"about":[{"href":"https:\/\/alveacomplus.fr\/index.php\/wp-json\/wp\/v2\/types\/page"}],"author":[{"embeddable":true,"href":"https:\/\/alveacomplus.fr\/index.php\/wp-json\/wp\/v2\/users\/1"}],"replies":[{"embeddable":true,"href":"https:\/\/alveacomplus.fr\/index.php\/wp-json\/wp\/v2\/comments?post=3"}],"version-history":[{"count":4,"href":"https:\/\/alveacomplus.fr\/index.php\/wp-json\/wp\/v2\/pages\/3\/revisions"}],"predecessor-version":[{"id":543,"href":"https:\/\/alveacomplus.fr\/index.php\/wp-json\/wp\/v2\/pages\/3\/revisions\/543"}],"wp:attachment":[{"href":"https:\/\/alveacomplus.fr\/index.php\/wp-json\/wp\/v2\/media?parent=3"}],"curies":[{"name":"wp","href":"https:\/\/api.w.org\/{rel}","templated":true}]}}