{"id":487,"date":"2026-02-17T11:55:02","date_gmt":"2026-02-17T10:55:02","guid":{"rendered":"https:\/\/alveacomplus.fr\/?page_id=487"},"modified":"2026-02-19T16:05:07","modified_gmt":"2026-02-19T15:05:07","slug":"mentions-legales","status":"publish","type":"page","link":"https:\/\/alveacomplus.fr\/index.php\/mentions-legales\/","title":{"rendered":"Mentions l\u00e9gales"},"content":{"rendered":"\n<h2 class=\"wp-block-heading\">1. Editeur du site <\/h2>\n\n\n\n<p>ALv\u00e9a Com+<br>SASU au capital social de 1 000 \u20ac<br>Si\u00e8ge social : 11 Bis rue Garnier Pag\u00e8s, 94100 Saint-Maur-des-Foss\u00e9s<br>Immatricul\u00e9e au RCS de Cr\u00e9teil<br>Num\u00e9ro SIRET : 989 092 416 <\/p>\n\n\n\n<p>Directrice de la publication : Adeline Laumonier<br>Email : <a href=\"mailto:adeline.laumonier@alveacomplus.fr\">adeline.laumonier@alveacomplus.fr<\/a><\/p>\n\n\n\n<h2 class=\"wp-block-heading\">2. H\u00e9bergement<\/h2>\n\n\n\n<p>Le site est h\u00e9berg\u00e9 par :<br>OVH<br>2 rue Kellermann<br>59100 Roubaix<br>France<br><a>www.ovh.com<\/a><\/p>\n\n\n\n<h2 class=\"wp-block-heading\">3. <strong>Propri\u00e9t\u00e9 intellectuelle<\/strong><\/h2>\n\n\n\n<p>L\u2019ensemble des contenus pr\u00e9sents sur ce site (textes, images, \u00e9l\u00e9ments graphiques, logo, structure) est la propri\u00e9t\u00e9 exclusive d\u2019ALv\u00e9a Com+, sauf mention contraire.<br>Toute reproduction, repr\u00e9sentation ou diffusion, totale ou partielle, sans autorisation pr\u00e9alable \u00e9crite est interdite.<\/p>\n\n\n\n<h2 class=\"wp-block-heading\">4. <strong>Responsabilit\u00e9<\/strong><\/h2>\n\n\n\n<p>ALv\u00e9a Com+ s\u2019efforce de fournir des informations aussi pr\u00e9cises que possible. Toutefois, elle ne saurait \u00eatre tenue responsable des omissions, inexactitudes ou carences dans la mise \u00e0 jour.<br><br><\/p>\n\n\n<nav class=\"is-responsive items-justified-center alignwide wp-block-navigation is-content-justification-center is-layout-flex wp-container-core-navigation-is-layout-16018d1d wp-block-navigation-is-layout-flex\" aria-label=\"Pied de page\" \n\t\t data-wp-interactive=\"core\/navigation\" data-wp-context='{\"overlayOpenedBy\":{\"click\":false,\"hover\":false,\"focus\":false},\"type\":\"overlay\",\"roleAttribute\":\"\",\"ariaLabel\":\"Menu\"}'><button aria-haspopup=\"dialog\" aria-label=\"Ouvrir le menu\" class=\"wp-block-navigation__responsive-container-open\" \n\t\t\t\tdata-wp-on--click=\"actions.openMenuOnClick\"\n\t\t\t\tdata-wp-on--keydown=\"actions.handleMenuKeydown\"\n\t\t\t><svg width=\"24\" height=\"24\" xmlns=\"http:\/\/www.w3.org\/2000\/svg\" viewBox=\"0 0 24 24\" aria-hidden=\"true\" focusable=\"false\"><path d=\"M4 7.5h16v1.5H4z\"><\/path><path d=\"M4 15h16v1.5H4z\"><\/path><\/svg><\/button>\n\t\t\t\t<div class=\"wp-block-navigation__responsive-container\"  id=\"modal-1\" \n\t\t\t\tdata-wp-class--has-modal-open=\"state.isMenuOpen\"\n\t\t\t\tdata-wp-class--is-menu-open=\"state.isMenuOpen\"\n\t\t\t\tdata-wp-watch=\"callbacks.initMenu\"\n\t\t\t\tdata-wp-on--keydown=\"actions.handleMenuKeydown\"\n\t\t\t\tdata-wp-on--focusout=\"actions.handleMenuFocusout\"\n\t\t\t\ttabindex=\"-1\"\n\t\t\t>\n\t\t\t\t\t<div class=\"wp-block-navigation__responsive-close\" tabindex=\"-1\">\n\t\t\t\t\t\t<div class=\"wp-block-navigation__responsive-dialog\" \n\t\t\t\tdata-wp-bind--aria-modal=\"state.ariaModal\"\n\t\t\t\tdata-wp-bind--aria-label=\"state.ariaLabel\"\n\t\t\t\tdata-wp-bind--role=\"state.roleAttribute\"\n\t\t\t>\n\t\t\t\t\t\t\t<button aria-label=\"Fermer le menu\" class=\"wp-block-navigation__responsive-container-close\" \n\t\t\t\tdata-wp-on--click=\"actions.closeMenuOnClick\"\n\t\t\t><svg xmlns=\"http:\/\/www.w3.org\/2000\/svg\" viewBox=\"0 0 24 24\" width=\"24\" height=\"24\" aria-hidden=\"true\" focusable=\"false\"><path d=\"m13.06 12 6.47-6.47-1.06-1.06L12 10.94 5.53 4.47 4.47 5.53 10.94 12l-6.47 6.47 1.06 1.06L12 13.06l6.47 6.47 1.06-1.06L13.06 12Z\"><\/path><\/svg><\/button>\n\t\t\t\t\t\t\t<div class=\"wp-block-navigation__responsive-container-content\" \n\t\t\t\tdata-wp-watch=\"callbacks.focusFirstElement\"\n\t\t\t id=\"modal-1-content\">\n\t\t\t\t\t\t\t\t<ul class=\"wp-block-navigation__container is-responsive items-justified-center alignwide wp-block-navigation\"><li class=\" wp-block-navigation-item wp-block-navigation-link\"><a class=\"wp-block-navigation-item__content\"  href=\"https:\/\/alveacomplus.fr\/index.php\/mentions-legales\/\"><span class=\"wp-block-navigation-item__label\">Mentions l\u00e9gales<\/span><\/a><\/li><li class=\" wp-block-navigation-item wp-block-navigation-link\"><a class=\"wp-block-navigation-item__content\"  href=\"https:\/\/alveacomplus.fr\/index.php\/politique-de-confidentialite\/\"><span class=\"wp-block-navigation-item__label\">Politique de confidentialit\u00e9<\/span><\/a><\/li><\/ul>\n\t\t\t\t\t\t\t<\/div>\n\t\t\t\t\t\t<\/div>\n\t\t\t\t\t<\/div>\n\t\t\t\t<\/div><\/nav>","protected":false},"excerpt":{"rendered":"<p>1. Editeur du site ALv\u00e9a Com+SASU au capital social de 1 000 \u20acSi\u00e8ge social : 11 Bis rue Garnier Pag\u00e8s, 94100 Saint-Maur-des-Foss\u00e9sImmatricul\u00e9e au RCS de Cr\u00e9teilNum\u00e9ro SIRET : 989 092 416 Directrice de la publication : Adeline LaumonierEmail : adeline.laumonier@alveacomplus.fr 2. H\u00e9bergement Le site est h\u00e9berg\u00e9 par :OVH2 rue Kellermann59100 RoubaixFrancewww.ovh.com 3. Propri\u00e9t\u00e9 intellectuelle L\u2019ensemble&#8230;<\/p>\n","protected":false},"author":1,"featured_media":0,"parent":0,"menu_order":0,"comment_status":"closed","ping_status":"closed","template":"","meta":{"_kadence_starter_templates_imported_post":false,"_kad_post_transparent":"","_kad_post_title":"","_kad_post_layout":"","_kad_post_sidebar_id":"","_kad_post_content_style":"","_kad_post_vertical_padding":"","_kad_post_feature":"","_kad_post_feature_position":"","_kad_post_header":false,"_kad_post_footer":false,"_kad_post_classname":"","footnotes":""},"class_list":["post-487","page","type-page","status-publish","hentry"],"yoast_head":"<!-- This site is optimized with the Yoast SEO plugin v27.3 - https:\/\/yoast.com\/product\/yoast-seo-wordpress\/ -->\n<title>Mentions l\u00e9gales -<\/title>\n<meta name=\"robots\" content=\"index, follow, max-snippet:-1, max-image-preview:large, max-video-preview:-1\" \/>\n<link rel=\"canonical\" href=\"https:\/\/alveacomplus.fr\/index.php\/mentions-legales\/\" \/>\n<meta property=\"og:locale\" content=\"fr_FR\" \/>\n<meta property=\"og:type\" content=\"article\" \/>\n<meta property=\"og:title\" content=\"Mentions l\u00e9gales -\" \/>\n<meta property=\"og:description\" content=\"1. Editeur du site ALv\u00e9a Com+SASU au capital social de 1 000 \u20acSi\u00e8ge social : 11 Bis rue Garnier Pag\u00e8s, 94100 Saint-Maur-des-Foss\u00e9sImmatricul\u00e9e au RCS de Cr\u00e9teilNum\u00e9ro SIRET : 989 092 416 Directrice de la publication : Adeline LaumonierEmail : adeline.laumonier@alveacomplus.fr 2. H\u00e9bergement Le site est h\u00e9berg\u00e9 par :OVH2 rue Kellermann59100 RoubaixFrancewww.ovh.com 3. Propri\u00e9t\u00e9 intellectuelle L\u2019ensemble...\" \/>\n<meta property=\"og:url\" content=\"https:\/\/alveacomplus.fr\/index.php\/mentions-legales\/\" \/>\n<meta property=\"article:modified_time\" content=\"2026-02-19T15:05:07+00:00\" \/>\n<meta name=\"twitter:card\" content=\"summary_large_image\" \/>\n<meta name=\"twitter:label1\" content=\"Dur\u00e9e de lecture estim\u00e9e\" \/>\n\t<meta name=\"twitter:data1\" content=\"1 minute\" \/>\n<script type=\"application\/ld+json\" class=\"yoast-schema-graph\">{\"@context\":\"https:\\\/\\\/schema.org\",\"@graph\":[{\"@type\":\"WebPage\",\"@id\":\"https:\\\/\\\/alveacomplus.fr\\\/index.php\\\/mentions-legales\\\/\",\"url\":\"https:\\\/\\\/alveacomplus.fr\\\/index.php\\\/mentions-legales\\\/\",\"name\":\"Mentions l\u00e9gales -\",\"isPartOf\":{\"@id\":\"https:\\\/\\\/alveacomplus.fr\\\/#website\"},\"datePublished\":\"2026-02-17T10:55:02+00:00\",\"dateModified\":\"2026-02-19T15:05:07+00:00\",\"breadcrumb\":{\"@id\":\"https:\\\/\\\/alveacomplus.fr\\\/index.php\\\/mentions-legales\\\/#breadcrumb\"},\"inLanguage\":\"fr-FR\",\"potentialAction\":[{\"@type\":\"ReadAction\",\"target\":[\"https:\\\/\\\/alveacomplus.fr\\\/index.php\\\/mentions-legales\\\/\"]}]},{\"@type\":\"BreadcrumbList\",\"@id\":\"https:\\\/\\\/alveacomplus.fr\\\/index.php\\\/mentions-legales\\\/#breadcrumb\",\"itemListElement\":[{\"@type\":\"ListItem\",\"position\":1,\"name\":\"Accueil\",\"item\":\"https:\\\/\\\/alveacomplus.fr\\\/\"},{\"@type\":\"ListItem\",\"position\":2,\"name\":\"Mentions l\u00e9gales\"}]},{\"@type\":\"WebSite\",\"@id\":\"https:\\\/\\\/alveacomplus.fr\\\/#website\",\"url\":\"https:\\\/\\\/alveacomplus.fr\\\/\",\"name\":\"\",\"description\":\"Le + strat\u00e9gique et op\u00e9rationnel externalis\u00e9 pour vos projets cl\u00e9s en communication\",\"potentialAction\":[{\"@type\":\"SearchAction\",\"target\":{\"@type\":\"EntryPoint\",\"urlTemplate\":\"https:\\\/\\\/alveacomplus.fr\\\/?s={search_term_string}\"},\"query-input\":{\"@type\":\"PropertyValueSpecification\",\"valueRequired\":true,\"valueName\":\"search_term_string\"}}],\"inLanguage\":\"fr-FR\"}]}<\/script>\n<!-- \/ Yoast SEO plugin. -->","yoast_head_json":{"title":"Mentions l\u00e9gales -","robots":{"index":"index","follow":"follow","max-snippet":"max-snippet:-1","max-image-preview":"max-image-preview:large","max-video-preview":"max-video-preview:-1"},"canonical":"https:\/\/alveacomplus.fr\/index.php\/mentions-legales\/","og_locale":"fr_FR","og_type":"article","og_title":"Mentions l\u00e9gales -","og_description":"1. Editeur du site ALv\u00e9a Com+SASU au capital social de 1 000 \u20acSi\u00e8ge social : 11 Bis rue Garnier Pag\u00e8s, 94100 Saint-Maur-des-Foss\u00e9sImmatricul\u00e9e au RCS de Cr\u00e9teilNum\u00e9ro SIRET : 989 092 416 Directrice de la publication : Adeline LaumonierEmail : adeline.laumonier@alveacomplus.fr 2. H\u00e9bergement Le site est h\u00e9berg\u00e9 par :OVH2 rue Kellermann59100 RoubaixFrancewww.ovh.com 3. Propri\u00e9t\u00e9 intellectuelle L\u2019ensemble...","og_url":"https:\/\/alveacomplus.fr\/index.php\/mentions-legales\/","article_modified_time":"2026-02-19T15:05:07+00:00","twitter_card":"summary_large_image","twitter_misc":{"Dur\u00e9e de lecture estim\u00e9e":"1 minute"},"schema":{"@context":"https:\/\/schema.org","@graph":[{"@type":"WebPage","@id":"https:\/\/alveacomplus.fr\/index.php\/mentions-legales\/","url":"https:\/\/alveacomplus.fr\/index.php\/mentions-legales\/","name":"Mentions l\u00e9gales -","isPartOf":{"@id":"https:\/\/alveacomplus.fr\/#website"},"datePublished":"2026-02-17T10:55:02+00:00","dateModified":"2026-02-19T15:05:07+00:00","breadcrumb":{"@id":"https:\/\/alveacomplus.fr\/index.php\/mentions-legales\/#breadcrumb"},"inLanguage":"fr-FR","potentialAction":[{"@type":"ReadAction","target":["https:\/\/alveacomplus.fr\/index.php\/mentions-legales\/"]}]},{"@type":"BreadcrumbList","@id":"https:\/\/alveacomplus.fr\/index.php\/mentions-legales\/#breadcrumb","itemListElement":[{"@type":"ListItem","position":1,"name":"Accueil","item":"https:\/\/alveacomplus.fr\/"},{"@type":"ListItem","position":2,"name":"Mentions l\u00e9gales"}]},{"@type":"WebSite","@id":"https:\/\/alveacomplus.fr\/#website","url":"https:\/\/alveacomplus.fr\/","name":"","description":"Le + strat\u00e9gique et op\u00e9rationnel externalis\u00e9 pour vos projets cl\u00e9s en communication","potentialAction":[{"@type":"SearchAction","target":{"@type":"EntryPoint","urlTemplate":"https:\/\/alveacomplus.fr\/?s={search_term_string}"},"query-input":{"@type":"PropertyValueSpecification","valueRequired":true,"valueName":"search_term_string"}}],"inLanguage":"fr-FR"}]}},"_links":{"self":[{"href":"https:\/\/alveacomplus.fr\/index.php\/wp-json\/wp\/v2\/pages\/487","targetHints":{"allow":["GET"]}}],"collection":[{"href":"https:\/\/alveacomplus.fr\/index.php\/wp-json\/wp\/v2\/pages"}],"about":[{"href":"https:\/\/alveacomplus.fr\/index.php\/wp-json\/wp\/v2\/types\/page"}],"author":[{"embeddable":true,"href":"https:\/\/alveacomplus.fr\/index.php\/wp-json\/wp\/v2\/users\/1"}],"replies":[{"embeddable":true,"href":"https:\/\/alveacomplus.fr\/index.php\/wp-json\/wp\/v2\/comments?post=487"}],"version-history":[{"count":2,"href":"https:\/\/alveacomplus.fr\/index.php\/wp-json\/wp\/v2\/pages\/487\/revisions"}],"predecessor-version":[{"id":542,"href":"https:\/\/alveacomplus.fr\/index.php\/wp-json\/wp\/v2\/pages\/487\/revisions\/542"}],"wp:attachment":[{"href":"https:\/\/alveacomplus.fr\/index.php\/wp-json\/wp\/v2\/media?parent=487"}],"curies":[{"name":"wp","href":"https:\/\/api.w.org\/{rel}","templated":true}]}}